{"id":1066,"date":"2021-04-12T05:26:23","date_gmt":"2021-04-12T05:26:23","guid":{"rendered":"http:\/\/anallorenteperez.com\/home\/"},"modified":"2026-03-27T16:10:38","modified_gmt":"2026-03-27T16:10:38","slug":"home","status":"publish","type":"page","link":"https:\/\/anallorenteperez.com\/es\/","title":{"rendered":"Home"},"content":{"rendered":"<div class=\"wp-block-cover alignfull\" style=\"padding-right:0;padding-left:0;min-height:832px;aspect-ratio:unset;\"><img loading=\"lazy\" decoding=\"async\" width=\"2048\" height=\"1706\" class=\"wp-block-cover__image-background wp-image-1209\" alt=\"ana-llorente-perez-oratoria\" src=\"https:\/\/anallorenteperez.com\/wp-content\/uploads\/2024\/08\/ana-llorente-perez-oratoria-1-scaled-e1724339930566.jpg\" style=\"object-position:27% 48%\" data-object-fit=\"cover\" data-object-position=\"27% 48%\" srcset=\"https:\/\/anallorenteperez.com\/wp-content\/uploads\/2024\/08\/ana-llorente-perez-oratoria-1-scaled-e1724339930566.jpg 2048w, https:\/\/anallorenteperez.com\/wp-content\/uploads\/2024\/08\/ana-llorente-perez-oratoria-1-scaled-e1724339930566-300x250.jpg 300w, https:\/\/anallorenteperez.com\/wp-content\/uploads\/2024\/08\/ana-llorente-perez-oratoria-1-scaled-e1724339930566-1024x853.jpg 1024w, https:\/\/anallorenteperez.com\/wp-content\/uploads\/2024\/08\/ana-llorente-perez-oratoria-1-scaled-e1724339930566-768x640.jpg 768w, https:\/\/anallorenteperez.com\/wp-content\/uploads\/2024\/08\/ana-llorente-perez-oratoria-1-scaled-e1724339930566-1536x1280.jpg 1536w, https:\/\/anallorenteperez.com\/wp-content\/uploads\/2024\/08\/ana-llorente-perez-oratoria-1-scaled-e1724339930566-14x12.jpg 14w\" sizes=\"auto, (max-width: 2048px) 100vw, 2048px\" \/><span aria-hidden=\"true\" class=\"wp-block-cover__background has-background-dim-60 has-background-dim\" style=\"background-color:#453d2f\"><\/span><div class=\"wp-block-cover__inner-container is-layout-flow wp-container-core-cover-is-layout-1f213a1e wp-block-cover-is-layout-flow\">\n<hr class=\"wp-block-separator has-text-color has-white-color has-css-opacity has-white-background-color has-background aligncenter\"\/>\n\n\n\n<h1 class=\"wp-block-heading alignwide has-text-align-center has-white-color has-text-color\" style=\"padding-top:0;padding-right:var(--wp--preset--spacing--80);padding-bottom:0;padding-left:var(--wp--preset--spacing--80)\"><em>Ana Llorente P\u00e9rez <\/em><\/h1>\n\n\n\n<p class=\"has-text-align-center has-ast-global-color-4-color has-text-color has-link-color wp-elements-6b0e86ec4ec513dfdaa945cc79ee209e\" style=\"padding-right:var(--wp--preset--spacing--70);padding-left:var(--wp--preset--spacing--70)\"><em>Head of Content | Marketing | SEO | Public Speaking<\/em><\/p>\n\n\n\n<div class=\"wp-block-buttons is-horizontal is-content-justification-center is-layout-flex wp-container-core-buttons-is-layout-03627597 wp-block-buttons-is-layout-flex\">\n<div class=\"wp-block-button is-style-fill\"><a class=\"wp-block-button__link has-text-color has-background wp-element-button\" href=\"https:\/\/anallorenteperez.com\/es\/about\/\" style=\"color:#1b1f29;background-color:#ffffff\">Conoce mi historia<\/a><\/div>\n<\/div>\n<\/div><\/div>\n\n\n\n<div class=\"inherit-container-width wp-block-group alignfull has-ast-global-color-5-background-color has-background is-layout-constrained wp-block-group-is-layout-constrained\">\n<div class=\"wp-block-media-text alignwide is-stacked-on-mobile is-vertically-aligned-center\"><figure class=\"wp-block-media-text__media\"><img loading=\"lazy\" decoding=\"async\" width=\"1024\" height=\"683\" src=\"https:\/\/anallorenteperez.com\/wp-content\/uploads\/2024\/08\/1857_ecommerce-berlin-berlin-tomek-DSC01560-eventshooters-prelekcje-tlumy-2048px-1024x683.jpeg\" alt=\"\" class=\"wp-image-1244 size-full\" srcset=\"https:\/\/anallorenteperez.com\/wp-content\/uploads\/2024\/08\/1857_ecommerce-berlin-berlin-tomek-DSC01560-eventshooters-prelekcje-tlumy-2048px-1024x683.jpeg 1024w, https:\/\/anallorenteperez.com\/wp-content\/uploads\/2024\/08\/1857_ecommerce-berlin-berlin-tomek-DSC01560-eventshooters-prelekcje-tlumy-2048px-300x200.jpeg 300w, https:\/\/anallorenteperez.com\/wp-content\/uploads\/2024\/08\/1857_ecommerce-berlin-berlin-tomek-DSC01560-eventshooters-prelekcje-tlumy-2048px-768x512.jpeg 768w, https:\/\/anallorenteperez.com\/wp-content\/uploads\/2024\/08\/1857_ecommerce-berlin-berlin-tomek-DSC01560-eventshooters-prelekcje-tlumy-2048px-1536x1024.jpeg 1536w, https:\/\/anallorenteperez.com\/wp-content\/uploads\/2024\/08\/1857_ecommerce-berlin-berlin-tomek-DSC01560-eventshooters-prelekcje-tlumy-2048px-18x12.jpeg 18w, https:\/\/anallorenteperez.com\/wp-content\/uploads\/2024\/08\/1857_ecommerce-berlin-berlin-tomek-DSC01560-eventshooters-prelekcje-tlumy-2048px.jpeg 2048w\" sizes=\"auto, (max-width: 1024px) 100vw, 1024px\" \/><\/figure><div class=\"wp-block-media-text__content\">\n<div class=\"inherit-container-width wp-block-group is-layout-constrained wp-block-group-is-layout-constrained\">\n<h2 class=\"wp-block-heading\"><em>Sobre m\u00ed<\/em><\/h2>\n\n\n\n<p><strong>Responsable de Contenidos con m\u00e1s de 8 a\u00f1os de experiencia en los sectores de eCommerce, B2B, SaaS y tecnolog\u00eda. <\/strong><\/p>\n\n\n\n<p>Actualmente, trabajo como Global Content Strategist, donde dise\u00f1o las estrategias de contenido y SEO de la empresa y lidero un equipo interno.<\/p>\n\n\n\n<p>A lo largo de mi trayectoria, he colaborado con empresas reconocidas como Printful, Shopify, Doofinder y Siteground, centr\u00e1ndome en aumentar el tr\u00e1fico org\u00e1nico y las tasas de conversi\u00f3n en diversos canales como blogs, YouTube y otros medios. Con el tiempo, he asumido un rol m\u00e1s amplio que, gracias al respaldo de mi equipo, me permite gestionar estrategias de contenido completas, abarcando SEO, generaci\u00f3n de demanda, redes sociales y mucho m\u00e1s.<\/p>\n\n\n\n<div class=\"wp-block-buttons is-content-justification-center is-layout-flex wp-container-core-buttons-is-layout-a89b3969 wp-block-buttons-is-layout-flex\">\n<div class=\"wp-block-button\"><a class=\"wp-block-button__link has-text-align-center wp-element-button\" href=\"https:\/\/anallorenteperez.com\/es\/about\/\">Descubre la historia completa<\/a><\/div>\n<\/div>\n\n\n\n<div class=\"wp-block-group alignfull has-ast-global-color-5-color has-text-color is-horizontal is-content-justification-left is-layout-flex wp-container-core-group-is-layout-8230c1cb wp-block-group-is-layout-flex\" style=\"min-height:0vh;margin-top:0;margin-bottom:0;padding-top:0;padding-right:0;padding-bottom:0;padding-left:0\">\n<ul class=\"wp-block-social-links has-normal-icon-size has-icon-color is-style-logos-only is-nowrap is-layout-flex wp-container-core-social-links-is-layout-65900438 wp-block-social-links-is-layout-flex\"><li style=\"color:var(--ast-global-color-7);\" class=\"wp-social-link wp-social-link-instagram has-ast-global-color-7-color wp-block-social-link\"><a href=\"https:\/\/www.instagram.com\/anallorentee\" class=\"wp-block-social-link-anchor\"><svg width=\"24\" height=\"24\" viewbox=\"0 0 24 24\" version=\"1.1\" xmlns=\"http:\/\/www.w3.org\/2000\/svg\" aria-hidden=\"true\" focusable=\"false\"><path d=\"M12,4.622c2.403,0,2.688,0.009,3.637,0.052c0.877,0.04,1.354,0.187,1.671,0.31c0.42,0.163,0.72,0.358,1.035,0.673 c0.315,0.315,0.51,0.615,0.673,1.035c0.123,0.317,0.27,0.794,0.31,1.671c0.043,0.949,0.052,1.234,0.052,3.637 s-0.009,2.688-0.052,3.637c-0.04,0.877-0.187,1.354-0.31,1.671c-0.163,0.42-0.358,0.72-0.673,1.035 c-0.315,0.315-0.615,0.51-1.035,0.673c-0.317,0.123-0.794,0.27-1.671,0.31c-0.949,0.043-1.233,0.052-3.637,0.052 s-2.688-0.009-3.637-0.052c-0.877-0.04-1.354-0.187-1.671-0.31c-0.42-0.163-0.72-0.358-1.035-0.673 c-0.315-0.315-0.51-0.615-0.673-1.035c-0.123-0.317-0.27-0.794-0.31-1.671C4.631,14.688,4.622,14.403,4.622,12 s0.009-2.688,0.052-3.637c0.04-0.877,0.187-1.354,0.31-1.671c0.163-0.42,0.358-0.72,0.673-1.035 c0.315-0.315,0.615-0.51,1.035-0.673c0.317-0.123,0.794-0.27,1.671-0.31C9.312,4.631,9.597,4.622,12,4.622 M12,3 C9.556,3,9.249,3.01,8.289,3.054C7.331,3.098,6.677,3.25,6.105,3.472C5.513,3.702,5.011,4.01,4.511,4.511 c-0.5,0.5-0.808,1.002-1.038,1.594C3.25,6.677,3.098,7.331,3.054,8.289C3.01,9.249,3,9.556,3,12c0,2.444,0.01,2.751,0.054,3.711 c0.044,0.958,0.196,1.612,0.418,2.185c0.23,0.592,0.538,1.094,1.038,1.594c0.5,0.5,1.002,0.808,1.594,1.038 c0.572,0.222,1.227,0.375,2.185,0.418C9.249,20.99,9.556,21,12,21s2.751-0.01,3.711-0.054c0.958-0.044,1.612-0.196,2.185-0.418 c0.592-0.23,1.094-0.538,1.594-1.038c0.5-0.5,0.808-1.002,1.038-1.594c0.222-0.572,0.375-1.227,0.418-2.185 C20.99,14.751,21,14.444,21,12s-0.01-2.751-0.054-3.711c-0.044-0.958-0.196-1.612-0.418-2.185c-0.23-0.592-0.538-1.094-1.038-1.594 c-0.5-0.5-1.002-0.808-1.594-1.038c-0.572-0.222-1.227-0.375-2.185-0.418C14.751,3.01,14.444,3,12,3L12,3z M12,7.378 c-2.552,0-4.622,2.069-4.622,4.622S9.448,16.622,12,16.622s4.622-2.069,4.622-4.622S14.552,7.378,12,7.378z M12,15 c-1.657,0-3-1.343-3-3s1.343-3,3-3s3,1.343,3,3S13.657,15,12,15z M16.804,6.116c-0.596,0-1.08,0.484-1.08,1.08 s0.484,1.08,1.08,1.08c0.596,0,1.08-0.484,1.08-1.08S17.401,6.116,16.804,6.116z\"><\/path><\/svg><span class=\"wp-block-social-link-label screen-reader-text\">Instagram<\/span><\/a><\/li>\n\n<li style=\"color:var(--ast-global-color-7);\" class=\"wp-social-link wp-social-link-youtube has-ast-global-color-7-color wp-block-social-link\"><a href=\"https:\/\/www.youtube.com\/c\/Shopifyenespa%C3%B1ol\" class=\"wp-block-social-link-anchor\"><svg width=\"24\" height=\"24\" viewbox=\"0 0 24 24\" version=\"1.1\" xmlns=\"http:\/\/www.w3.org\/2000\/svg\" aria-hidden=\"true\" focusable=\"false\"><path d=\"M21.8,8.001c0,0-0.195-1.378-0.795-1.985c-0.76-0.797-1.613-0.801-2.004-0.847c-2.799-0.202-6.997-0.202-6.997-0.202 h-0.009c0,0-4.198,0-6.997,0.202C4.608,5.216,3.756,5.22,2.995,6.016C2.395,6.623,2.2,8.001,2.2,8.001S2,9.62,2,11.238v1.517 c0,1.618,0.2,3.237,0.2,3.237s0.195,1.378,0.795,1.985c0.761,0.797,1.76,0.771,2.205,0.855c1.6,0.153,6.8,0.201,6.8,0.201 s4.203-0.006,7.001-0.209c0.391-0.047,1.243-0.051,2.004-0.847c0.6-0.607,0.795-1.985,0.795-1.985s0.2-1.618,0.2-3.237v-1.517 C22,9.62,21.8,8.001,21.8,8.001z M9.935,14.594l-0.001-5.62l5.404,2.82L9.935,14.594z\"><\/path><\/svg><span class=\"wp-block-social-link-label screen-reader-text\">YouTube<\/span><\/a><\/li>\n\n<li style=\"color:var(--ast-global-color-7);\" class=\"wp-social-link wp-social-link-linkedin has-ast-global-color-7-color wp-block-social-link\"><a href=\"https:\/\/www.linkedin.com\/in\/ana-llorente-perez\" class=\"wp-block-social-link-anchor\"><svg width=\"24\" height=\"24\" viewbox=\"0 0 24 24\" version=\"1.1\" xmlns=\"http:\/\/www.w3.org\/2000\/svg\" aria-hidden=\"true\" focusable=\"false\"><path d=\"M19.7,3H4.3C3.582,3,3,3.582,3,4.3v15.4C3,20.418,3.582,21,4.3,21h15.4c0.718,0,1.3-0.582,1.3-1.3V4.3 C21,3.582,20.418,3,19.7,3z M8.339,18.338H5.667v-8.59h2.672V18.338z M7.004,8.574c-0.857,0-1.549-0.694-1.549-1.548 c0-0.855,0.691-1.548,1.549-1.548c0.854,0,1.547,0.694,1.547,1.548C8.551,7.881,7.858,8.574,7.004,8.574z M18.339,18.338h-2.669 v-4.177c0-0.996-0.017-2.278-1.387-2.278c-1.389,0-1.601,1.086-1.601,2.206v4.249h-2.667v-8.59h2.559v1.174h0.037 c0.356-0.675,1.227-1.387,2.526-1.387c2.703,0,3.203,1.779,3.203,4.092V18.338z\"><\/path><\/svg><span class=\"wp-block-social-link-label screen-reader-text\">LinkedIn<\/span><\/a><\/li><\/ul>\n<\/div>\n<\/div>\n<\/div><\/div>\n<\/div>\n\n\n\n<div class=\"wp-block-group alignfull has-ast-global-color-5-background-color has-background is-layout-constrained wp-block-group-is-layout-constrained\">\n<figure class=\"wp-block-image aligncenter size-large is-resized\"><img loading=\"lazy\" decoding=\"async\" width=\"120\" height=\"120\" src=\"http:\/\/anallorenteperez.com\/wp-content\/uploads\/2021\/04\/quotes.png\" alt=\"\" class=\"wp-image-1181\" style=\"width:30px;height:30px\" srcset=\"https:\/\/anallorenteperez.com\/wp-content\/uploads\/2021\/04\/quotes.png 120w, https:\/\/anallorenteperez.com\/wp-content\/uploads\/2021\/04\/quotes-12x12.png 12w\" sizes=\"auto, (max-width: 120px) 100vw, 120px\" \/><\/figure>\n\n\n\n<h2 class=\"wp-block-heading has-text-align-center\"><em>Ana is one of those talents that always goes above and beyond. She keeps a calm and positive attitude no matter how stressful the task. <\/em><\/h2>\n\n\n\n<hr class=\"wp-block-separator has-text-color has-ast-global-color-0-color has-css-opacity has-ast-global-color-0-background-color has-background aligncenter\"\/>\n\n\n\n<h5 class=\"wp-block-heading has-text-align-center\"><em>Jessica Guzik, EMEA Sr. Brand Lead<\/em> at Shopify<\/h5>\n<\/div>\n\n\n\n<div class=\"wp-block-group alignfull has-ast-global-color-5-color has-ast-global-color-8-background-color has-text-color has-background is-vertical is-content-justification-center is-nowrap is-layout-flex wp-container-core-group-is-layout-11905a54 wp-block-group-is-layout-flex\" style=\"min-height:40vh;margin-top:0;margin-bottom:0;padding-top:var(--wp--preset--spacing--60);padding-right:var(--wp--preset--spacing--50);padding-bottom:var(--wp--preset--spacing--60);padding-left:var(--wp--preset--spacing--50)\"><div style=\"margin-bottom:6px;\" class=\"aligncenter wp-block-site-logo wp-duotone-unset-1\"><a href=\"https:\/\/anallorenteperez.com\/es\/\" class=\"custom-logo-link\" rel=\"home\"><img loading=\"lazy\" decoding=\"async\" width=\"126\" height=\"42\" src=\"https:\/\/anallorenteperez.com\/wp-content\/uploads\/2024\/08\/cropped-ana-llorente-perez-logo-114x38.png\" class=\"custom-logo\" alt=\"\" srcset=\"https:\/\/anallorenteperez.com\/wp-content\/uploads\/2024\/08\/cropped-ana-llorente-perez-logo.png 1919w, https:\/\/anallorenteperez.com\/wp-content\/uploads\/2024\/08\/cropped-ana-llorente-perez-logo-300x100.png 300w, https:\/\/anallorenteperez.com\/wp-content\/uploads\/2024\/08\/cropped-ana-llorente-perez-logo-1024x342.png 1024w, https:\/\/anallorenteperez.com\/wp-content\/uploads\/2024\/08\/cropped-ana-llorente-perez-logo-768x256.png 768w, https:\/\/anallorenteperez.com\/wp-content\/uploads\/2024\/08\/cropped-ana-llorente-perez-logo-1536x512.png 1536w, https:\/\/anallorenteperez.com\/wp-content\/uploads\/2024\/08\/cropped-ana-llorente-perez-logo-18x6.png 18w, https:\/\/anallorenteperez.com\/wp-content\/uploads\/2024\/08\/cropped-ana-llorente-perez-logo-114x38.png 114w\" sizes=\"auto, (max-width: 126px) 100vw, 126px\" \/><\/a><\/div>\n\n\n<p class=\"has-text-align-center has-ast-global-color-5-color has-text-color has-link-color has-small-font-size wp-elements-4dad5bbad7f564eb796d8923ac4951e5\">\u00a1Conectemos! Me encantar\u00eda saber de ti<\/p>\n\n\n\n<div class=\"wp-block-group is-layout-constrained wp-block-group-is-layout-constrained\">\n<ul class=\"wp-block-social-links aligncenter has-normal-icon-size has-icon-color is-style-logos-only is-horizontal is-content-justification-center is-nowrap is-layout-flex wp-container-core-social-links-is-layout-b8f60746 wp-block-social-links-is-layout-flex\"><li style=\"color:var(--ast-global-color-5);\" class=\"wp-social-link wp-social-link-instagram has-ast-global-color-5-color wp-block-social-link\"><a rel=\"noopener nofollow\" target=\"_blank\" href=\"https:\/\/www.instagram.com\/anallorentee\" class=\"wp-block-social-link-anchor\"><svg width=\"24\" height=\"24\" viewbox=\"0 0 24 24\" version=\"1.1\" xmlns=\"http:\/\/www.w3.org\/2000\/svg\" aria-hidden=\"true\" focusable=\"false\"><path d=\"M12,4.622c2.403,0,2.688,0.009,3.637,0.052c0.877,0.04,1.354,0.187,1.671,0.31c0.42,0.163,0.72,0.358,1.035,0.673 c0.315,0.315,0.51,0.615,0.673,1.035c0.123,0.317,0.27,0.794,0.31,1.671c0.043,0.949,0.052,1.234,0.052,3.637 s-0.009,2.688-0.052,3.637c-0.04,0.877-0.187,1.354-0.31,1.671c-0.163,0.42-0.358,0.72-0.673,1.035 c-0.315,0.315-0.615,0.51-1.035,0.673c-0.317,0.123-0.794,0.27-1.671,0.31c-0.949,0.043-1.233,0.052-3.637,0.052 s-2.688-0.009-3.637-0.052c-0.877-0.04-1.354-0.187-1.671-0.31c-0.42-0.163-0.72-0.358-1.035-0.673 c-0.315-0.315-0.51-0.615-0.673-1.035c-0.123-0.317-0.27-0.794-0.31-1.671C4.631,14.688,4.622,14.403,4.622,12 s0.009-2.688,0.052-3.637c0.04-0.877,0.187-1.354,0.31-1.671c0.163-0.42,0.358-0.72,0.673-1.035 c0.315-0.315,0.615-0.51,1.035-0.673c0.317-0.123,0.794-0.27,1.671-0.31C9.312,4.631,9.597,4.622,12,4.622 M12,3 C9.556,3,9.249,3.01,8.289,3.054C7.331,3.098,6.677,3.25,6.105,3.472C5.513,3.702,5.011,4.01,4.511,4.511 c-0.5,0.5-0.808,1.002-1.038,1.594C3.25,6.677,3.098,7.331,3.054,8.289C3.01,9.249,3,9.556,3,12c0,2.444,0.01,2.751,0.054,3.711 c0.044,0.958,0.196,1.612,0.418,2.185c0.23,0.592,0.538,1.094,1.038,1.594c0.5,0.5,1.002,0.808,1.594,1.038 c0.572,0.222,1.227,0.375,2.185,0.418C9.249,20.99,9.556,21,12,21s2.751-0.01,3.711-0.054c0.958-0.044,1.612-0.196,2.185-0.418 c0.592-0.23,1.094-0.538,1.594-1.038c0.5-0.5,0.808-1.002,1.038-1.594c0.222-0.572,0.375-1.227,0.418-2.185 C20.99,14.751,21,14.444,21,12s-0.01-2.751-0.054-3.711c-0.044-0.958-0.196-1.612-0.418-2.185c-0.23-0.592-0.538-1.094-1.038-1.594 c-0.5-0.5-1.002-0.808-1.594-1.038c-0.572-0.222-1.227-0.375-2.185-0.418C14.751,3.01,14.444,3,12,3L12,3z M12,7.378 c-2.552,0-4.622,2.069-4.622,4.622S9.448,16.622,12,16.622s4.622-2.069,4.622-4.622S14.552,7.378,12,7.378z M12,15 c-1.657,0-3-1.343-3-3s1.343-3,3-3s3,1.343,3,3S13.657,15,12,15z M16.804,6.116c-0.596,0-1.08,0.484-1.08,1.08 s0.484,1.08,1.08,1.08c0.596,0,1.08-0.484,1.08-1.08S17.401,6.116,16.804,6.116z\"><\/path><\/svg><span class=\"wp-block-social-link-label screen-reader-text\">Instagram<\/span><\/a><\/li>\n\n<li style=\"color:var(--ast-global-color-5);\" class=\"wp-social-link wp-social-link-linkedin has-ast-global-color-5-color wp-block-social-link\"><a rel=\"noopener nofollow\" target=\"_blank\" href=\"https:\/\/www.linkedin.com\/in\/ana-llorente-perez\" class=\"wp-block-social-link-anchor\"><svg width=\"24\" height=\"24\" viewbox=\"0 0 24 24\" version=\"1.1\" xmlns=\"http:\/\/www.w3.org\/2000\/svg\" aria-hidden=\"true\" focusable=\"false\"><path d=\"M19.7,3H4.3C3.582,3,3,3.582,3,4.3v15.4C3,20.418,3.582,21,4.3,21h15.4c0.718,0,1.3-0.582,1.3-1.3V4.3 C21,3.582,20.418,3,19.7,3z M8.339,18.338H5.667v-8.59h2.672V18.338z M7.004,8.574c-0.857,0-1.549-0.694-1.549-1.548 c0-0.855,0.691-1.548,1.549-1.548c0.854,0,1.547,0.694,1.547,1.548C8.551,7.881,7.858,8.574,7.004,8.574z M18.339,18.338h-2.669 v-4.177c0-0.996-0.017-2.278-1.387-2.278c-1.389,0-1.601,1.086-1.601,2.206v4.249h-2.667v-8.59h2.559v1.174h0.037 c0.356-0.675,1.227-1.387,2.526-1.387c2.703,0,3.203,1.779,3.203,4.092V18.338z\"><\/path><\/svg><span class=\"wp-block-social-link-label screen-reader-text\">LinkedIn<\/span><\/a><\/li><\/ul>\n<\/div>\n<\/div>","protected":false},"excerpt":{"rendered":"<p>About Me Head of Content with over 8 years of experience in the eCommerce, B2B, SaaS, and Tech Industry sectors. [&hellip;]<\/p>\n","protected":false},"author":1,"featured_media":0,"parent":0,"menu_order":0,"comment_status":"closed","ping_status":"closed","template":"","meta":{"_monsterinsights_skip_tracking":false,"_monsterinsights_sitenote_active":false,"_monsterinsights_sitenote_note":"","_monsterinsights_sitenote_category":0,"site-sidebar-layout":"no-sidebar","site-content-layout":"plain-container","ast-site-content-layout":"default","site-content-style":"default","site-sidebar-style":"default","ast-global-header-display":"","ast-banner-title-visibility":"","ast-main-header-display":"","ast-hfb-above-header-display":"","ast-hfb-below-header-display":"","ast-hfb-mobile-header-display":"","site-post-title":"disabled","ast-breadcrumbs-content":"disabled","ast-featured-img":"disabled","footer-sml-layout":"","ast-disable-related-posts":"","theme-transparent-header-meta":"enabled","adv-header-id-meta":"","stick-header-meta":"","header-above-stick-meta":"","header-main-stick-meta":"","header-below-stick-meta":"","astra-migrate-meta-layouts":"default","ast-page-background-enabled":"default","ast-page-background-meta":{"desktop":{"background-color":"var(--ast-global-color-4)","background-image":"","background-repeat":"repeat","background-position":"center center","background-size":"auto","background-attachment":"scroll","background-type":"","background-media":"","overlay-type":"","overlay-color":"","overlay-opacity":"","overlay-gradient":""},"tablet":{"background-color":"","background-image":"","background-repeat":"repeat","background-position":"center center","background-size":"auto","background-attachment":"scroll","background-type":"","background-media":"","overlay-type":"","overlay-color":"","overlay-opacity":"","overlay-gradient":""},"mobile":{"background-color":"","background-image":"","background-repeat":"repeat","background-position":"center center","background-size":"auto","background-attachment":"scroll","background-type":"","background-media":"","overlay-type":"","overlay-color":"","overlay-opacity":"","overlay-gradient":""}},"ast-content-background-meta":{"desktop":{"background-color":"var(--ast-global-color-5)","background-image":"","background-repeat":"repeat","background-position":"center center","background-size":"auto","background-attachment":"scroll","background-type":"","background-media":"","overlay-type":"","overlay-color":"","overlay-opacity":"","overlay-gradient":""},"tablet":{"background-color":"var(--ast-global-color-5)","background-image":"","background-repeat":"repeat","background-position":"center center","background-size":"auto","background-attachment":"scroll","background-type":"","background-media":"","overlay-type":"","overlay-color":"","overlay-opacity":"","overlay-gradient":""},"mobile":{"background-color":"var(--ast-global-color-5)","background-image":"","background-repeat":"repeat","background-position":"center center","background-size":"auto","background-attachment":"scroll","background-type":"","background-media":"","overlay-type":"","overlay-color":"","overlay-opacity":"","overlay-gradient":""}},"footnotes":""},"class_list":["post-1066","page","type-page","status-publish","hentry"],"aioseo_notices":[],"_links":{"self":[{"href":"https:\/\/anallorenteperez.com\/es\/wp-json\/wp\/v2\/pages\/1066","targetHints":{"allow":["GET"]}}],"collection":[{"href":"https:\/\/anallorenteperez.com\/es\/wp-json\/wp\/v2\/pages"}],"about":[{"href":"https:\/\/anallorenteperez.com\/es\/wp-json\/wp\/v2\/types\/page"}],"author":[{"embeddable":true,"href":"https:\/\/anallorenteperez.com\/es\/wp-json\/wp\/v2\/users\/1"}],"replies":[{"embeddable":true,"href":"https:\/\/anallorenteperez.com\/es\/wp-json\/wp\/v2\/comments?post=1066"}],"version-history":[{"count":29,"href":"https:\/\/anallorenteperez.com\/es\/wp-json\/wp\/v2\/pages\/1066\/revisions"}],"predecessor-version":[{"id":1460,"href":"https:\/\/anallorenteperez.com\/es\/wp-json\/wp\/v2\/pages\/1066\/revisions\/1460"}],"wp:attachment":[{"href":"https:\/\/anallorenteperez.com\/es\/wp-json\/wp\/v2\/media?parent=1066"}],"curies":[{"name":"wp","href":"https:\/\/api.w.org\/{rel}","templated":true}]}}